{"id":301,"date":"2025-08-22T18:23:51","date_gmt":"2025-08-22T18:23:51","guid":{"rendered":"https:\/\/herdemcare.org.tr\/kurullar-ve-uyeler\/"},"modified":"2025-10-02T18:19:21","modified_gmt":"2025-10-02T18:19:21","slug":"kurullar-ve-uyeler","status":"publish","type":"page","link":"https:\/\/herdemcare.org.tr\/en\/kurullar-ve-uyeler\/","title":{"rendered":"Boards and Members"},"content":{"rendered":"\t\t<div data-elementor-type=\"wp-page\" data-elementor-id=\"301\" class=\"elementor elementor-301 elementor-103\" data-elementor-post-type=\"page\">\n\t\t\t\t\t\t<section class=\"elementor-section-with-custom-width elementor-section elementor-top-section elementor-element elementor-element-30444a6e elementor-section-boxed elementor-section-height-default elementor-section-height-default sc_fly_static\" data-id=\"30444a6e\" data-element_type=\"section\" data-e-type=\"section\" data-settings=\"{&quot;background_background&quot;:&quot;classic&quot;}\">\n\t\t\t\t\t\t<div class=\"elementor-container elementor-column-gap-extended\">\n\t\t\t\t\t<div class=\"elementor-column elementor-col-100 elementor-top-column elementor-element elementor-element-20068bc8 sc_content_align_inherit sc_layouts_column_icons_position_left sc_fly_static\" data-id=\"20068bc8\" data-element_type=\"column\" data-e-type=\"column\">\n\t\t\t<div class=\"elementor-widget-wrap elementor-element-populated\">\n\t\t\t\t\t\t<div class=\"elementor-element elementor-element-70ed2044 sc_fly_static elementor-widget elementor-widget-heading\" data-id=\"70ed2044\" data-element_type=\"widget\" data-e-type=\"widget\" data-widget_type=\"heading.default\">\n\t\t\t\t<div class=\"elementor-widget-container\">\n\t\t\t\t\t<h2 class=\"elementor-heading-title elementor-size-default\">Boards and Members<\/h2>\t\t\t\t<\/div>\n\t\t\t\t<\/div>\n\t\t\t\t<div class=\"elementor-element elementor-element-4dcd98d0 sc_fly_static elementor-widget elementor-widget-text-editor\" data-id=\"4dcd98d0\" data-element_type=\"widget\" data-e-type=\"widget\" data-widget_type=\"text-editor.default\">\n\t\t\t\t<div class=\"elementor-widget-container\">\n\t\t\t\t\t\t\t\t\t<h4><strong>Founding Board<\/strong><\/h4><p><span style=\"color: #000000;\"><img fetchpriority=\"high\" decoding=\"async\" class=\"alignnone wp-image-222 size-large\" src=\"https:\/\/herdemcare.org.tr\/wp-content\/uploads\/2025\/10\/1-1024x404.jpg\" alt=\"\" width=\"1024\" height=\"404\" srcset=\"https:\/\/herdemcare.org.tr\/wp-content\/uploads\/2025\/10\/1-1024x404.jpg 1024w, https:\/\/herdemcare.org.tr\/wp-content\/uploads\/2025\/10\/1-300x118.jpg 300w, https:\/\/herdemcare.org.tr\/wp-content\/uploads\/2025\/10\/1-768x303.jpg 768w, https:\/\/herdemcare.org.tr\/wp-content\/uploads\/2025\/10\/1-1536x605.jpg 1536w, https:\/\/herdemcare.org.tr\/wp-content\/uploads\/2025\/10\/1-2048x807.jpg 2048w, https:\/\/herdemcare.org.tr\/wp-content\/uploads\/2025\/10\/1-370x146.jpg 370w, https:\/\/herdemcare.org.tr\/wp-content\/uploads\/2025\/10\/1-840x331.jpg 840w, https:\/\/herdemcare.org.tr\/wp-content\/uploads\/2025\/10\/1-410x162.jpg 410w\" sizes=\"(max-width: 1024px) 100vw, 1024px\" \/><\/span><\/p><p><span style=\"color: #000000;\">Herdem \u00c7are Association was established by <strong>volunteers from diverse professional backgrounds<\/strong> who share a strong sense of social responsibility and commitment to rare diseases.<\/span><br \/><span style=\"color: #000000;\">Each founder contributed their vision and efforts to lay the intellectual foundation of Herdem \u00c7are, enabling the first steps of this journey.<\/span><br \/><span style=\"color: #000000;\">The founders not only initiated the legal process but also collectively shaped the association\u2019s core values and vision.<\/span><br \/><span style=\"color: #000000;\">After the first general assembly, responsibilities were transferred to the newly elected management bodies.<\/span><\/p><h4><span style=\"color: #000000;\"><strong>Board of Directors and Audit Committee<\/strong><\/span><\/h4><p><span style=\"color: #000000;\">The decision-making, execution, and oversight processes of Herdem \u00c7are are carried out by <strong>volunteer members with expertise in their fields<\/strong>.<\/span><\/p><ul><li><span style=\"color: #000000;\">The <strong>Board of Directors<\/strong> is responsible for implementing the association\u2019s vision.<\/span><\/li><li><span style=\"color: #000000;\">The <strong>Audit Committee<\/strong> ensures that activities are conducted transparently and in compliance with regulations.<\/span><\/li><\/ul><h4><span style=\"color: #000000;\"><strong>Board of Directors \u2013 Regular Members<\/strong><\/span><\/h4><ul><li><span style=\"color: #000000;\">Dr. Ay\u015feg\u00fcl Alt\u0131nba\u015f \u2013 Chairperson<\/span><\/li><li><span style=\"color: #000000;\">Berrin Zorlu \u2013 Vice Chairperson<\/span><\/li><li><span style=\"color: #000000;\">Yasemin Memi\u015fo\u011flu \u2013 Secretary General<\/span><\/li><li><span style=\"color: #000000;\">Sevgi Akdemir \u2013 Treasurer<\/span><\/li><li><span style=\"color: #000000;\">Prof. Dr. Tun\u00e7 F\u0131\u015fg\u0131n \u2013 Member<\/span><\/li><\/ul><h4><span style=\"color: #000000;\"><strong>Board of Directors \u2013 Alternate Members<\/strong><\/span><\/h4><ul><li><span style=\"color: #000000;\">Nusret Alt\u0131nba\u015f, \u00d6mer Fener, \u00c7a\u011fla Boral, Melek Okur, Y\u0131ld\u0131z Hitit<\/span><\/li><\/ul><h4><span style=\"color: #000000;\"><strong>Audit Committee \u2013 Regular Members<\/strong><\/span><\/h4><ul><li><span style=\"color: #000000;\">Prof. Dr. Sevtap Yoku\u015f Veznedaro\u011flu \u2013 Chairperson<\/span><\/li><li><span style=\"color: #000000;\">Nilg\u00fcn Demir \u2013 Reporter<\/span><\/li><li><span style=\"color: #000000;\">Dr. Tomru Derek\u00f6yl\u00fc \u2013 Member<\/span><\/li><\/ul><h4><span style=\"color: #000000;\"><strong>Audit Committee \u2013 Alternate Members<\/strong><\/span><\/h4><ul><li><span style=\"color: #000000;\">Banu Eraslan, Ay\u015feg\u00fcl Tuncer, Melek Erhan<\/span><\/li><\/ul><h4><span style=\"color: #000000;\"><strong>Scientific Advisory Board<\/strong><\/span><\/h4><p><span style=\"color: #000000;\">At the heart of Herdem \u00c7are, the <strong>Scientific Advisory Board<\/strong> consists of nationally and internationally recognized scientists with expertise in rare diseases.<\/span><br \/><span style=\"color: #000000;\">This board guides research efforts, strengthens collaborations, and ensures that information is generated for the benefit of patients.<\/span><\/p><h4><span style=\"color: #000000;\"><strong>Board Members:<\/strong><\/span><\/h4><ul><li><span style=\"color: #000000;\"><strong>Prof. Dr. Florian Eichler<\/strong> \u2013 Harvard Medical School, Professor of Neurology \/ Director, MGH Center for Rare Neurological Diseases<\/span><br \/><span style=\"color: #000000;\"><em>(Conducts clinical and molecular studies on TBL1XR1 gene mutations)<\/em><\/span><\/li><li><span style=\"color: #000000;\"><strong>Prof. Dr. Yasemin Alanay<\/strong> \u2013 Ac\u0131badem University, Professor of Pediatrics \/ Director, ACURARE Rare Disease Application and Research Center<\/span><\/li><li><span style=\"color: #000000;\"><strong>Prof. Dr. Tun\u00e7 F\u0131\u015fg\u0131n<\/strong> \u2013 Dean, Alt\u0131nba\u015f University Faculty of Medicine \/ Specialist in Pediatric Hematology and Oncology<\/span><\/li><li><span style=\"color: #000000;\"><strong>Dr. Amanda Nagy<\/strong> \u2013 Harvard Medical School \/ MGH, Pediatric Neurologist<\/span><br \/><span style=\"color: #000000;\"><em>(Works on clinical presentations associated with TBL1XR1)<\/em><\/span><\/li><li><span style=\"color: #000000;\"><strong>Dr. Stephen J. Haggarty<\/strong> \u2013 Harvard Medical School \/ MGH, Neuroscience Researcher<\/span><br \/><span style=\"color: #000000;\"><em>(Preclinical studies on genetic signaling pathways)<\/em><\/span><\/li><li><span style=\"color: #000000;\"><strong>Assoc. Prof. \u00d6zlem Akg\u00fcn Do\u011fan<\/strong> \u2013 Ac\u0131badem University, Department of Medical Genetics<\/span><\/li><li><span style=\"color: #000000;\"><strong>Assoc. Prof. S\u00fcleyman \u00c7ak\u0131ro\u011flu<\/strong> \u2013 Alt\u0131nba\u015f University, Child and Adolescent Psychiatry<\/span><\/li><li><span style=\"color: #000000;\"><strong>Dr. Ba\u015fak Adakl\u0131 Aksoy<\/strong> \u2013 Alt\u0131nba\u015f University \/ Medical Park, Pediatric Hematology and Oncology<\/span><\/li><li><span style=\"color: #000000;\"><strong>Dr. T\u00fcrkan Uygur \u015eahin<\/strong> \u2013 Medical Park, Pediatric Neurology \/ Alt\u0131nba\u015f University Lecturer<\/span><\/li><li><span style=\"color: #000000;\"><strong>Dr. Bilal Murat Memi\u015fo\u011flu<\/strong> \u2013 Istanbul University, Istanbul Faculty of Medicine, Internal Medicine<\/span><\/li><\/ul><h4><span style=\"color: #000000;\"><strong>Commissions<\/strong><\/span><\/h4><p><span style=\"color: #000000;\">Herdem \u00c7are\u2019s activities are organized through <strong>commissions structured according to areas of expertise<\/strong>, each responsible for strategy development, implementation, and sustainability.<\/span><\/p><ul><li><span style=\"color: #000000;\"><strong>Social Awareness &amp; Communication Commission<\/strong><\/span><br \/><span style=\"color: #000000;\">Chairs: Dr. Tomru Derek\u00f6yl\u00fc, \u00d6mer Fener<\/span><\/li><li><span style=\"color: #000000;\"><strong>Events &amp; Resource Development Commission<\/strong><\/span><br \/><span style=\"color: #000000;\">Chair: Ay\u015feg\u00fcl Tuncer<\/span><\/li><li><span style=\"color: #000000;\"><strong>Patient &amp; Family Support Services Commission<\/strong><\/span><br \/><span style=\"color: #000000;\">Chair: \u00c7a\u011fla Boral<\/span><\/li><li><span style=\"color: #000000;\"><strong>National &amp; International Collaboration Commission<\/strong><\/span><br \/><span style=\"color: #000000;\">Chair: Sevgi Akdemir<\/span><\/li><li><span style=\"color: #000000;\"><strong>Public Institutions &amp; Legal Affairs Commission<\/strong><\/span><br \/><span style=\"color: #000000;\">Chair: Prof. Dr. Sevtap Yoku\u015f Veznedaro\u011flu<\/span><\/li><li><span style=\"color: #000000;\"><strong>Scientific Research &amp; Academic Collaboration Commission<\/strong><\/span><br \/><span style=\"color: #000000;\">Chair: Prof. Dr. Tun\u00e7 F\u0131\u015fg\u0131n<\/span><\/li><\/ul>\t\t\t\t\t\t\t\t<\/div>\n\t\t\t\t<\/div>\n\t\t\t\t\t<\/div>\n\t\t<\/div>\n\t\t\t\t\t<\/div>\n\t\t<\/section>\n\t\t\t\t<\/div>\n\t\t","protected":false},"excerpt":{"rendered":"<p>Boards and Members Founding Board Herdem \u00c7are Association was established by volunteers from diverse professional backgrounds who share a strong sense of social responsibility and commitment to rare diseases.Each founder&hellip;<\/p>\n","protected":false},"author":1,"featured_media":0,"parent":0,"menu_order":0,"comment_status":"closed","ping_status":"closed","template":"","meta":{"footnotes":""},"class_list":["post-301","page","type-page","status-publish","hentry"],"_links":{"self":[{"href":"https:\/\/herdemcare.org.tr\/en\/wp-json\/wp\/v2\/pages\/301","targetHints":{"allow":["GET"]}}],"collection":[{"href":"https:\/\/herdemcare.org.tr\/en\/wp-json\/wp\/v2\/pages"}],"about":[{"href":"https:\/\/herdemcare.org.tr\/en\/wp-json\/wp\/v2\/types\/page"}],"author":[{"embeddable":true,"href":"https:\/\/herdemcare.org.tr\/en\/wp-json\/wp\/v2\/users\/1"}],"replies":[{"embeddable":true,"href":"https:\/\/herdemcare.org.tr\/en\/wp-json\/wp\/v2\/comments?post=301"}],"version-history":[{"count":4,"href":"https:\/\/herdemcare.org.tr\/en\/wp-json\/wp\/v2\/pages\/301\/revisions"}],"predecessor-version":[{"id":317,"href":"https:\/\/herdemcare.org.tr\/en\/wp-json\/wp\/v2\/pages\/301\/revisions\/317"}],"wp:attachment":[{"href":"https:\/\/herdemcare.org.tr\/en\/wp-json\/wp\/v2\/media?parent=301"}],"curies":[{"name":"wp","href":"https:\/\/api.w.org\/{rel}","templated":true}]}}